{"id":2413,"date":"2025-04-28T12:18:05","date_gmt":"2025-04-28T10:18:05","guid":{"rendered":"https:\/\/elpe.pl\/sklep\/produkt\/elektryczny-ogrzewacz-olejowy-ze-sterownikiem-analogowym-900-x-300-mm-400w\/"},"modified":"2026-03-12T14:27:10","modified_gmt":"2026-03-12T13:27:10","slug":"elektryczny-ogrzewacz-olejowy-ze-sterownikiem-analogowym-900-x-300-mm-400w","status":"publish","type":"product","link":"https:\/\/elpe.pl\/sklep\/produkt\/elektryczny-ogrzewacz-olejowy-ze-sterownikiem-analogowym-900-x-300-mm-400w\/","title":{"rendered":"Grzejnik Olejowy Elektryczny ze sterownikiem analogowym 900 x 300 mm 400W seria 1383"},"content":{"rendered":"<p>Elektryczne ogrzewacze olejowe ze sterownikiem analogowym idealnie nadaje si\u0119 do pomieszcze\u0144 dla dzieci, ludzi chorych oraz alergik\u00f3w. Grzejniki s\u0105 wyposa\u017cone w zestaw stopek umo\u017cliwiaj\u0105cy ustawianie ich w dowolnym miejscu, a tak\u017ce w zestaw wieszak\u00f3w, pozwalaj\u0105cy na zawieszenie na \u015bcianie. Nad bezpieczn\u0105 i wydajn\u0105 prac\u0105 grzejnika czuwa nowoczesny sterownik posiadaj\u0105cy r\u00f3\u017cne tryby i funkcje:<\/p>\n<p>\u2013 praca manualna<br \/>\n\u2013 prze\u0142\u0105cznik trybu komfort\/redukcja<br \/>\n\u2013 programator tygodniowy<br \/>\n\u2013 funkcj\u0119 wykrywania otwartego okna<br \/>\n\u2013 funkcj\u0119 adaptacyjnego startu.<\/p>\n<p>Te wszystkie czynniki sprawiaj\u0105, \u017ce powy\u017cszy grzejnik olejowy na pr\u0105d spe\u0142nia wymagania dyrektywy \u201eEkoprojektu\u201d dla miejscowych ogrzewaczy pomieszcze\u0144. Sterownik posiada r\u00f3wnie\u017c bezpiecznik termiczny, zabezpieczaj\u0105cy grzejnik przed przegrzaniem. Zmniejszy to tak\u017ce prawdopodobie\u0144stwo oparzenia si\u0119 gor\u0105c\u0105 powierzchni\u0105 grzejnika, przede wszystkim przez dzieci. O bezpiecze\u0144stwie i jako\u015bci produktu \u015bwiadczy r\u00f3wnie\u017c do\u015bwiadczenie w wieloletniej sprzeda\u017cy na rynkach skandynawskich, kt\u00f3re wymagaj\u0105 spe\u0142nienia rygorystycznych norm.<\/p>\n","protected":false},"excerpt":{"rendered":"<p>P\u0142aski, lekki, w \u015bnie\u017cnobia\u0142ym kolorze grzejnik elektryczny jest wype\u0142niony wysokiej jako\u015bci olejem mineralnym. Idealnie nadaje si\u0119 do ogrzewania mieszka\u0144, biur, szpitali, \u017c\u0142obk\u00f3w, przedszkoli oraz innych pomieszcze\u0144, gdzie wymagane jest utrzymanie ciep\u0142a i czysto\u015bci. Grzejnik jest cichy i bezwonny, wytwarza przyjemny mikroklimat, nie wysusza powietrza i nie spala kurzu. U\u017cywanie oleju zamiast wody w grzejniku wzmacnia jego efektywno\u015b\u0107 i pozwala na utrzymywanie ciep\u0142a urz\u0105dzenia na d\u0142u\u017cej.<\/p>\n","protected":false},"featured_media":10483,"template":"","meta":{"_acf_changed":false,"_editorskit_title_hidden":false,"_editorskit_reading_time":0,"_editorskit_is_block_options_detached":false,"_editorskit_block_options_position":"{}","inline_featured_image":false},"product_brand":[],"product_cat":[80,79],"product_tag":[],"class_list":{"0":"post-2413","1":"product","2":"type-product","3":"status-publish","4":"has-post-thumbnail","6":"product_cat-grzejnik-olejowy-elektryczny","7":"product_cat-sterowanie-analogowe","8":"product_shipping_class-sredni-produkt","9":"pa_moc-w-56","11":"first","12":"outofstock","13":"taxable","14":"shipping-taxable","15":"purchasable","16":"product-type-simple"},"acf":[],"yoast_head":"<!-- This site is optimized with the Yoast SEO plugin v25.4 - https:\/\/yoast.com\/wordpress\/plugins\/seo\/ -->\n<title>Grzejnik Olejowy Elektryczny ze sterownikiem analogowym 900 x 300 mm 400W seria 1383 - Sklep Elpe<\/title>\n<meta name=\"robots\" content=\"index, follow, max-snippet:-1, max-image-preview:large, max-video-preview:-1\" \/>\n<link rel=\"canonical\" href=\"https:\/\/elpe.pl\/sklep\/produkt\/elektryczny-ogrzewacz-olejowy-ze-sterownikiem-analogowym-900-x-300-mm-400w\/\" \/>\n<meta property=\"og:locale\" content=\"pl_PL\" \/>\n<meta property=\"og:type\" content=\"article\" \/>\n<meta property=\"og:title\" content=\"Grzejnik Olejowy Elektryczny ze sterownikiem analogowym 900 x 300 mm 400W seria 1383 - Sklep Elpe\" \/>\n<meta property=\"og:description\" content=\"P\u0142aski, lekki, w \u015bnie\u017cnobia\u0142ym kolorze grzejnik elektryczny jest wype\u0142niony wysokiej jako\u015bci olejem mineralnym. Idealnie nadaje si\u0119 do ogrzewania mieszka\u0144, biur, szpitali, \u017c\u0142obk\u00f3w, przedszkoli oraz innych pomieszcze\u0144, gdzie wymagane jest utrzymanie ciep\u0142a i czysto\u015bci. Grzejnik jest cichy i bezwonny, wytwarza przyjemny mikroklimat, nie wysusza powietrza i nie spala kurzu. U\u017cywanie oleju zamiast wody w grzejniku wzmacnia jego efektywno\u015b\u0107 i pozwala na utrzymywanie ciep\u0142a urz\u0105dzenia na d\u0142u\u017cej.\" \/>\n<meta property=\"og:url\" content=\"https:\/\/elpe.pl\/sklep\/produkt\/elektryczny-ogrzewacz-olejowy-ze-sterownikiem-analogowym-900-x-300-mm-400w\/\" \/>\n<meta property=\"og:site_name\" content=\"Sklep Elpe\" \/>\n<meta property=\"article:modified_time\" content=\"2026-03-12T13:27:10+00:00\" \/>\n<meta property=\"og:image\" content=\"https:\/\/elpe.pl\/sklep\/wp-content\/uploads\/2025\/06\/91-3-scaled.jpg\" \/>\n\t<meta property=\"og:image:width\" content=\"2560\" \/>\n\t<meta property=\"og:image:height\" content=\"1706\" \/>\n\t<meta property=\"og:image:type\" content=\"image\/jpeg\" \/>\n<meta name=\"twitter:card\" content=\"summary_large_image\" \/>\n<meta name=\"twitter:label1\" content=\"Szacowany czas czytania\" \/>\n\t<meta name=\"twitter:data1\" content=\"1 minuta\" \/>\n<script type=\"application\/ld+json\" class=\"yoast-schema-graph\">{\"@context\":\"https:\/\/schema.org\",\"@graph\":[{\"@type\":\"WebPage\",\"@id\":\"https:\/\/elpe.pl\/sklep\/produkt\/elektryczny-ogrzewacz-olejowy-ze-sterownikiem-analogowym-900-x-300-mm-400w\/\",\"url\":\"https:\/\/elpe.pl\/sklep\/produkt\/elektryczny-ogrzewacz-olejowy-ze-sterownikiem-analogowym-900-x-300-mm-400w\/\",\"name\":\"Grzejnik Olejowy Elektryczny ze sterownikiem analogowym 900 x 300 mm 400W seria 1383 - Sklep Elpe\",\"isPartOf\":{\"@id\":\"https:\/\/elpe.pl\/sklep\/#website\"},\"primaryImageOfPage\":{\"@id\":\"https:\/\/elpe.pl\/sklep\/produkt\/elektryczny-ogrzewacz-olejowy-ze-sterownikiem-analogowym-900-x-300-mm-400w\/#primaryimage\"},\"image\":{\"@id\":\"https:\/\/elpe.pl\/sklep\/produkt\/elektryczny-ogrzewacz-olejowy-ze-sterownikiem-analogowym-900-x-300-mm-400w\/#primaryimage\"},\"thumbnailUrl\":\"https:\/\/elpe.pl\/sklep\/wp-content\/uploads\/2025\/06\/91-3-scaled.jpg\",\"datePublished\":\"2025-04-28T10:18:05+00:00\",\"dateModified\":\"2026-03-12T13:27:10+00:00\",\"breadcrumb\":{\"@id\":\"https:\/\/elpe.pl\/sklep\/produkt\/elektryczny-ogrzewacz-olejowy-ze-sterownikiem-analogowym-900-x-300-mm-400w\/#breadcrumb\"},\"inLanguage\":\"pl-PL\",\"potentialAction\":[{\"@type\":\"ReadAction\",\"target\":[\"https:\/\/elpe.pl\/sklep\/produkt\/elektryczny-ogrzewacz-olejowy-ze-sterownikiem-analogowym-900-x-300-mm-400w\/\"]}]},{\"@type\":\"ImageObject\",\"inLanguage\":\"pl-PL\",\"@id\":\"https:\/\/elpe.pl\/sklep\/produkt\/elektryczny-ogrzewacz-olejowy-ze-sterownikiem-analogowym-900-x-300-mm-400w\/#primaryimage\",\"url\":\"https:\/\/elpe.pl\/sklep\/wp-content\/uploads\/2025\/06\/91-3-scaled.jpg\",\"contentUrl\":\"https:\/\/elpe.pl\/sklep\/wp-content\/uploads\/2025\/06\/91-3-scaled.jpg\",\"width\":2560,\"height\":1706},{\"@type\":\"BreadcrumbList\",\"@id\":\"https:\/\/elpe.pl\/sklep\/produkt\/elektryczny-ogrzewacz-olejowy-ze-sterownikiem-analogowym-900-x-300-mm-400w\/#breadcrumb\",\"itemListElement\":[{\"@type\":\"ListItem\",\"position\":1,\"name\":\"Strona g\u0142\u00f3wna\",\"item\":\"https:\/\/elpe.pl\/sklep\/\"},{\"@type\":\"ListItem\",\"position\":2,\"name\":\"Sklep\",\"item\":\"https:\/\/elpe.pl\/sklep\/\"},{\"@type\":\"ListItem\",\"position\":3,\"name\":\"Grzejnik Olejowy Elektryczny ze sterownikiem analogowym 900 x 300 mm 400W seria 1383\"}]},{\"@type\":\"WebSite\",\"@id\":\"https:\/\/elpe.pl\/sklep\/#website\",\"url\":\"https:\/\/elpe.pl\/sklep\/\",\"name\":\"Sklep Elpe\",\"description\":\"Polski producent elektrycznych ogrzewaczy olejowych\",\"publisher\":{\"@id\":\"https:\/\/elpe.pl\/sklep\/#organization\"},\"potentialAction\":[{\"@type\":\"SearchAction\",\"target\":{\"@type\":\"EntryPoint\",\"urlTemplate\":\"https:\/\/elpe.pl\/sklep\/?s={search_term_string}\"},\"query-input\":{\"@type\":\"PropertyValueSpecification\",\"valueRequired\":true,\"valueName\":\"search_term_string\"}}],\"inLanguage\":\"pl-PL\"},{\"@type\":\"Organization\",\"@id\":\"https:\/\/elpe.pl\/sklep\/#organization\",\"name\":\"Sklep Elpe\",\"url\":\"https:\/\/elpe.pl\/sklep\/\",\"logo\":{\"@type\":\"ImageObject\",\"inLanguage\":\"pl-PL\",\"@id\":\"https:\/\/elpe.pl\/sklep\/#\/schema\/logo\/image\/\",\"url\":\"https:\/\/elpe.pl\/sklep\/wp-content\/uploads\/2025\/04\/cropped-elpe_logo.png\",\"contentUrl\":\"https:\/\/elpe.pl\/sklep\/wp-content\/uploads\/2025\/04\/cropped-elpe_logo.png\",\"width\":42,\"height\":50,\"caption\":\"Sklep Elpe\"},\"image\":{\"@id\":\"https:\/\/elpe.pl\/sklep\/#\/schema\/logo\/image\/\"}}]}<\/script>\n<!-- \/ Yoast SEO plugin. -->","yoast_head_json":{"title":"Grzejnik Olejowy Elektryczny ze sterownikiem analogowym 900 x 300 mm 400W seria 1383 - Sklep Elpe","robots":{"index":"index","follow":"follow","max-snippet":"max-snippet:-1","max-image-preview":"max-image-preview:large","max-video-preview":"max-video-preview:-1"},"canonical":"https:\/\/elpe.pl\/sklep\/produkt\/elektryczny-ogrzewacz-olejowy-ze-sterownikiem-analogowym-900-x-300-mm-400w\/","og_locale":"pl_PL","og_type":"article","og_title":"Grzejnik Olejowy Elektryczny ze sterownikiem analogowym 900 x 300 mm 400W seria 1383 - Sklep Elpe","og_description":"P\u0142aski, lekki, w \u015bnie\u017cnobia\u0142ym kolorze grzejnik elektryczny jest wype\u0142niony wysokiej jako\u015bci olejem mineralnym. Idealnie nadaje si\u0119 do ogrzewania mieszka\u0144, biur, szpitali, \u017c\u0142obk\u00f3w, przedszkoli oraz innych pomieszcze\u0144, gdzie wymagane jest utrzymanie ciep\u0142a i czysto\u015bci. Grzejnik jest cichy i bezwonny, wytwarza przyjemny mikroklimat, nie wysusza powietrza i nie spala kurzu. U\u017cywanie oleju zamiast wody w grzejniku wzmacnia jego efektywno\u015b\u0107 i pozwala na utrzymywanie ciep\u0142a urz\u0105dzenia na d\u0142u\u017cej.","og_url":"https:\/\/elpe.pl\/sklep\/produkt\/elektryczny-ogrzewacz-olejowy-ze-sterownikiem-analogowym-900-x-300-mm-400w\/","og_site_name":"Sklep Elpe","article_modified_time":"2026-03-12T13:27:10+00:00","og_image":[{"width":2560,"height":1706,"url":"https:\/\/elpe.pl\/sklep\/wp-content\/uploads\/2025\/06\/91-3-scaled.jpg","type":"image\/jpeg"}],"twitter_card":"summary_large_image","twitter_misc":{"Szacowany czas czytania":"1 minuta"},"schema":{"@context":"https:\/\/schema.org","@graph":[{"@type":"WebPage","@id":"https:\/\/elpe.pl\/sklep\/produkt\/elektryczny-ogrzewacz-olejowy-ze-sterownikiem-analogowym-900-x-300-mm-400w\/","url":"https:\/\/elpe.pl\/sklep\/produkt\/elektryczny-ogrzewacz-olejowy-ze-sterownikiem-analogowym-900-x-300-mm-400w\/","name":"Grzejnik Olejowy Elektryczny ze sterownikiem analogowym 900 x 300 mm 400W seria 1383 - Sklep Elpe","isPartOf":{"@id":"https:\/\/elpe.pl\/sklep\/#website"},"primaryImageOfPage":{"@id":"https:\/\/elpe.pl\/sklep\/produkt\/elektryczny-ogrzewacz-olejowy-ze-sterownikiem-analogowym-900-x-300-mm-400w\/#primaryimage"},"image":{"@id":"https:\/\/elpe.pl\/sklep\/produkt\/elektryczny-ogrzewacz-olejowy-ze-sterownikiem-analogowym-900-x-300-mm-400w\/#primaryimage"},"thumbnailUrl":"https:\/\/elpe.pl\/sklep\/wp-content\/uploads\/2025\/06\/91-3-scaled.jpg","datePublished":"2025-04-28T10:18:05+00:00","dateModified":"2026-03-12T13:27:10+00:00","breadcrumb":{"@id":"https:\/\/elpe.pl\/sklep\/produkt\/elektryczny-ogrzewacz-olejowy-ze-sterownikiem-analogowym-900-x-300-mm-400w\/#breadcrumb"},"inLanguage":"pl-PL","potentialAction":[{"@type":"ReadAction","target":["https:\/\/elpe.pl\/sklep\/produkt\/elektryczny-ogrzewacz-olejowy-ze-sterownikiem-analogowym-900-x-300-mm-400w\/"]}]},{"@type":"ImageObject","inLanguage":"pl-PL","@id":"https:\/\/elpe.pl\/sklep\/produkt\/elektryczny-ogrzewacz-olejowy-ze-sterownikiem-analogowym-900-x-300-mm-400w\/#primaryimage","url":"https:\/\/elpe.pl\/sklep\/wp-content\/uploads\/2025\/06\/91-3-scaled.jpg","contentUrl":"https:\/\/elpe.pl\/sklep\/wp-content\/uploads\/2025\/06\/91-3-scaled.jpg","width":2560,"height":1706},{"@type":"BreadcrumbList","@id":"https:\/\/elpe.pl\/sklep\/produkt\/elektryczny-ogrzewacz-olejowy-ze-sterownikiem-analogowym-900-x-300-mm-400w\/#breadcrumb","itemListElement":[{"@type":"ListItem","position":1,"name":"Strona g\u0142\u00f3wna","item":"https:\/\/elpe.pl\/sklep\/"},{"@type":"ListItem","position":2,"name":"Sklep","item":"https:\/\/elpe.pl\/sklep\/"},{"@type":"ListItem","position":3,"name":"Grzejnik Olejowy Elektryczny ze sterownikiem analogowym 900 x 300 mm 400W seria 1383"}]},{"@type":"WebSite","@id":"https:\/\/elpe.pl\/sklep\/#website","url":"https:\/\/elpe.pl\/sklep\/","name":"Sklep Elpe","description":"Polski producent elektrycznych ogrzewaczy olejowych","publisher":{"@id":"https:\/\/elpe.pl\/sklep\/#organization"},"potentialAction":[{"@type":"SearchAction","target":{"@type":"EntryPoint","urlTemplate":"https:\/\/elpe.pl\/sklep\/?s={search_term_string}"},"query-input":{"@type":"PropertyValueSpecification","valueRequired":true,"valueName":"search_term_string"}}],"inLanguage":"pl-PL"},{"@type":"Organization","@id":"https:\/\/elpe.pl\/sklep\/#organization","name":"Sklep Elpe","url":"https:\/\/elpe.pl\/sklep\/","logo":{"@type":"ImageObject","inLanguage":"pl-PL","@id":"https:\/\/elpe.pl\/sklep\/#\/schema\/logo\/image\/","url":"https:\/\/elpe.pl\/sklep\/wp-content\/uploads\/2025\/04\/cropped-elpe_logo.png","contentUrl":"https:\/\/elpe.pl\/sklep\/wp-content\/uploads\/2025\/04\/cropped-elpe_logo.png","width":42,"height":50,"caption":"Sklep Elpe"},"image":{"@id":"https:\/\/elpe.pl\/sklep\/#\/schema\/logo\/image\/"}}]}},"_links":{"self":[{"href":"https:\/\/elpe.pl\/sklep\/wp-json\/wp\/v2\/product\/2413","targetHints":{"allow":["GET"]}}],"collection":[{"href":"https:\/\/elpe.pl\/sklep\/wp-json\/wp\/v2\/product"}],"about":[{"href":"https:\/\/elpe.pl\/sklep\/wp-json\/wp\/v2\/types\/product"}],"wp:featuredmedia":[{"embeddable":true,"href":"https:\/\/elpe.pl\/sklep\/wp-json\/wp\/v2\/media\/10483"}],"wp:attachment":[{"href":"https:\/\/elpe.pl\/sklep\/wp-json\/wp\/v2\/media?parent=2413"}],"wp:term":[{"taxonomy":"product_brand","embeddable":true,"href":"https:\/\/elpe.pl\/sklep\/wp-json\/wp\/v2\/product_brand?post=2413"},{"taxonomy":"product_cat","embeddable":true,"href":"https:\/\/elpe.pl\/sklep\/wp-json\/wp\/v2\/product_cat?post=2413"},{"taxonomy":"product_tag","embeddable":true,"href":"https:\/\/elpe.pl\/sklep\/wp-json\/wp\/v2\/product_tag?post=2413"}],"curies":[{"name":"wp","href":"https:\/\/api.w.org\/{rel}","templated":true}]}}