{"id":4584,"date":"2025-05-08T17:21:31","date_gmt":"2025-05-08T15:21:31","guid":{"rendered":"https:\/\/elpe.pl\/sklep\/produkt\/elektryczny-ogrzewacz-olejowy-ze-sterownikiem-zdalnym-1140-x-600mm-1000w\/"},"modified":"2026-01-29T11:13:27","modified_gmt":"2026-01-29T10:13:27","slug":"elektryczny-ogrzewacz-olejowy-ze-sterownikiem-zdalnym-1140-x-600mm-1000w","status":"publish","type":"product","link":"https:\/\/elpe.pl\/sklep\/produkt\/elektryczny-ogrzewacz-olejowy-ze-sterownikiem-zdalnym-1140-x-600mm-1000w\/","title":{"rendered":"Grzejnik Olejowy Elektryczny ze sterownikiem zdalnym 1140 x 600mm 2000W seria 1380"},"content":{"rendered":"","protected":false},"excerpt":{"rendered":"<p>P\u0142aski, lekki, w \u015bnie\u017cnobia\u0142ym kolorze grzejnik elektryczny jest wype\u0142niony wysokiej jako\u015bci olejem mineralnym. Idealnie nadaje si\u0119 do ogrzewania mieszka\u0144, biur, szpitali, \u017c\u0142obk\u00f3w, przedszkoli oraz innych pomieszcze\u0144, gdzie wymagane jest utrzymanie ciep\u0142a i czysto\u015bci. Grzejnik jest cichy i bezwonny, wytwarza przyjemny mikroklimat, nie wysusza powietrza i nie spala kurzu. U\u017cywanie oleju zamiast wody w grzejniku wzmacnia jego efektywno\u015b\u0107 i pozwala na utrzymywanie ciep\u0142a urz\u0105dzenia na d\u0142u\u017cej.<\/p>\n","protected":false},"featured_media":10343,"template":"","meta":{"_acf_changed":false,"_editorskit_title_hidden":false,"_editorskit_reading_time":0,"_editorskit_is_block_options_detached":false,"_editorskit_block_options_position":"{}","inline_featured_image":false},"product_brand":[],"product_cat":[80,97],"product_tag":[],"class_list":{"0":"post-4584","1":"product","2":"type-product","3":"status-publish","4":"has-post-thumbnail","6":"product_cat-grzejnik-olejowy-elektryczny","7":"product_cat-sterowanie-zdalne-ogrzewacze","8":"product_shipping_class-duzy-produkt","9":"pa_moc-w-74","11":"first","12":"instock","13":"taxable","14":"shipping-taxable","15":"purchasable","16":"product-type-simple"},"acf":[],"yoast_head":"<!-- This site is optimized with the Yoast SEO plugin v25.4 - https:\/\/yoast.com\/wordpress\/plugins\/seo\/ -->\n<title>Grzejnik Olejowy Elektryczny ze sterownikiem zdalnym 1140 x 600mm 2000W seria 1380 - Sklep Elpe<\/title>\n<meta name=\"robots\" content=\"index, follow, max-snippet:-1, max-image-preview:large, max-video-preview:-1\" \/>\n<link rel=\"canonical\" href=\"https:\/\/elpe.pl\/sklep\/produkt\/elektryczny-ogrzewacz-olejowy-ze-sterownikiem-zdalnym-1140-x-600mm-1000w\/\" \/>\n<meta property=\"og:locale\" content=\"pl_PL\" \/>\n<meta property=\"og:type\" content=\"article\" \/>\n<meta property=\"og:title\" content=\"Grzejnik Olejowy Elektryczny ze sterownikiem zdalnym 1140 x 600mm 2000W seria 1380 - Sklep Elpe\" \/>\n<meta property=\"og:description\" content=\"P\u0142aski, lekki, w \u015bnie\u017cnobia\u0142ym kolorze grzejnik elektryczny jest wype\u0142niony wysokiej jako\u015bci olejem mineralnym. Idealnie nadaje si\u0119 do ogrzewania mieszka\u0144, biur, szpitali, \u017c\u0142obk\u00f3w, przedszkoli oraz innych pomieszcze\u0144, gdzie wymagane jest utrzymanie ciep\u0142a i czysto\u015bci. Grzejnik jest cichy i bezwonny, wytwarza przyjemny mikroklimat, nie wysusza powietrza i nie spala kurzu. U\u017cywanie oleju zamiast wody w grzejniku wzmacnia jego efektywno\u015b\u0107 i pozwala na utrzymywanie ciep\u0142a urz\u0105dzenia na d\u0142u\u017cej.\" \/>\n<meta property=\"og:url\" content=\"https:\/\/elpe.pl\/sklep\/produkt\/elektryczny-ogrzewacz-olejowy-ze-sterownikiem-zdalnym-1140-x-600mm-1000w\/\" \/>\n<meta property=\"og:site_name\" content=\"Sklep Elpe\" \/>\n<meta property=\"article:modified_time\" content=\"2026-01-29T10:13:27+00:00\" \/>\n<meta property=\"og:image\" content=\"https:\/\/elpe.pl\/sklep\/wp-content\/uploads\/2025\/06\/67ae291788ecb7adee61e8bf36fe4c48-1.jpg\" \/>\n\t<meta property=\"og:image:width\" content=\"700\" \/>\n\t<meta property=\"og:image:height\" content=\"700\" \/>\n\t<meta property=\"og:image:type\" content=\"image\/jpeg\" \/>\n<meta name=\"twitter:card\" content=\"summary_large_image\" \/>\n<script type=\"application\/ld+json\" class=\"yoast-schema-graph\">{\"@context\":\"https:\/\/schema.org\",\"@graph\":[{\"@type\":\"WebPage\",\"@id\":\"https:\/\/elpe.pl\/sklep\/produkt\/elektryczny-ogrzewacz-olejowy-ze-sterownikiem-zdalnym-1140-x-600mm-1000w\/\",\"url\":\"https:\/\/elpe.pl\/sklep\/produkt\/elektryczny-ogrzewacz-olejowy-ze-sterownikiem-zdalnym-1140-x-600mm-1000w\/\",\"name\":\"Grzejnik Olejowy Elektryczny ze sterownikiem zdalnym 1140 x 600mm 2000W seria 1380 - Sklep Elpe\",\"isPartOf\":{\"@id\":\"https:\/\/elpe.pl\/sklep\/#website\"},\"primaryImageOfPage\":{\"@id\":\"https:\/\/elpe.pl\/sklep\/produkt\/elektryczny-ogrzewacz-olejowy-ze-sterownikiem-zdalnym-1140-x-600mm-1000w\/#primaryimage\"},\"image\":{\"@id\":\"https:\/\/elpe.pl\/sklep\/produkt\/elektryczny-ogrzewacz-olejowy-ze-sterownikiem-zdalnym-1140-x-600mm-1000w\/#primaryimage\"},\"thumbnailUrl\":\"https:\/\/elpe.pl\/sklep\/wp-content\/uploads\/2025\/06\/67ae291788ecb7adee61e8bf36fe4c48-1.jpg\",\"datePublished\":\"2025-05-08T15:21:31+00:00\",\"dateModified\":\"2026-01-29T10:13:27+00:00\",\"breadcrumb\":{\"@id\":\"https:\/\/elpe.pl\/sklep\/produkt\/elektryczny-ogrzewacz-olejowy-ze-sterownikiem-zdalnym-1140-x-600mm-1000w\/#breadcrumb\"},\"inLanguage\":\"pl-PL\",\"potentialAction\":[{\"@type\":\"ReadAction\",\"target\":[\"https:\/\/elpe.pl\/sklep\/produkt\/elektryczny-ogrzewacz-olejowy-ze-sterownikiem-zdalnym-1140-x-600mm-1000w\/\"]}]},{\"@type\":\"ImageObject\",\"inLanguage\":\"pl-PL\",\"@id\":\"https:\/\/elpe.pl\/sklep\/produkt\/elektryczny-ogrzewacz-olejowy-ze-sterownikiem-zdalnym-1140-x-600mm-1000w\/#primaryimage\",\"url\":\"https:\/\/elpe.pl\/sklep\/wp-content\/uploads\/2025\/06\/67ae291788ecb7adee61e8bf36fe4c48-1.jpg\",\"contentUrl\":\"https:\/\/elpe.pl\/sklep\/wp-content\/uploads\/2025\/06\/67ae291788ecb7adee61e8bf36fe4c48-1.jpg\",\"width\":700,\"height\":700},{\"@type\":\"BreadcrumbList\",\"@id\":\"https:\/\/elpe.pl\/sklep\/produkt\/elektryczny-ogrzewacz-olejowy-ze-sterownikiem-zdalnym-1140-x-600mm-1000w\/#breadcrumb\",\"itemListElement\":[{\"@type\":\"ListItem\",\"position\":1,\"name\":\"Strona g\u0142\u00f3wna\",\"item\":\"https:\/\/elpe.pl\/sklep\/\"},{\"@type\":\"ListItem\",\"position\":2,\"name\":\"Sklep\",\"item\":\"https:\/\/elpe.pl\/sklep\/\"},{\"@type\":\"ListItem\",\"position\":3,\"name\":\"Grzejnik Olejowy Elektryczny ze sterownikiem zdalnym 1140 x 600mm 2000W seria 1380\"}]},{\"@type\":\"WebSite\",\"@id\":\"https:\/\/elpe.pl\/sklep\/#website\",\"url\":\"https:\/\/elpe.pl\/sklep\/\",\"name\":\"Sklep Elpe\",\"description\":\"Polski producent elektrycznych ogrzewaczy olejowych\",\"publisher\":{\"@id\":\"https:\/\/elpe.pl\/sklep\/#organization\"},\"potentialAction\":[{\"@type\":\"SearchAction\",\"target\":{\"@type\":\"EntryPoint\",\"urlTemplate\":\"https:\/\/elpe.pl\/sklep\/?s={search_term_string}\"},\"query-input\":{\"@type\":\"PropertyValueSpecification\",\"valueRequired\":true,\"valueName\":\"search_term_string\"}}],\"inLanguage\":\"pl-PL\"},{\"@type\":\"Organization\",\"@id\":\"https:\/\/elpe.pl\/sklep\/#organization\",\"name\":\"Sklep Elpe\",\"url\":\"https:\/\/elpe.pl\/sklep\/\",\"logo\":{\"@type\":\"ImageObject\",\"inLanguage\":\"pl-PL\",\"@id\":\"https:\/\/elpe.pl\/sklep\/#\/schema\/logo\/image\/\",\"url\":\"https:\/\/elpe.pl\/sklep\/wp-content\/uploads\/2025\/04\/cropped-elpe_logo.png\",\"contentUrl\":\"https:\/\/elpe.pl\/sklep\/wp-content\/uploads\/2025\/04\/cropped-elpe_logo.png\",\"width\":42,\"height\":50,\"caption\":\"Sklep Elpe\"},\"image\":{\"@id\":\"https:\/\/elpe.pl\/sklep\/#\/schema\/logo\/image\/\"}}]}<\/script>\n<!-- \/ Yoast SEO plugin. -->","yoast_head_json":{"title":"Grzejnik Olejowy Elektryczny ze sterownikiem zdalnym 1140 x 600mm 2000W seria 1380 - Sklep Elpe","robots":{"index":"index","follow":"follow","max-snippet":"max-snippet:-1","max-image-preview":"max-image-preview:large","max-video-preview":"max-video-preview:-1"},"canonical":"https:\/\/elpe.pl\/sklep\/produkt\/elektryczny-ogrzewacz-olejowy-ze-sterownikiem-zdalnym-1140-x-600mm-1000w\/","og_locale":"pl_PL","og_type":"article","og_title":"Grzejnik Olejowy Elektryczny ze sterownikiem zdalnym 1140 x 600mm 2000W seria 1380 - Sklep Elpe","og_description":"P\u0142aski, lekki, w \u015bnie\u017cnobia\u0142ym kolorze grzejnik elektryczny jest wype\u0142niony wysokiej jako\u015bci olejem mineralnym. Idealnie nadaje si\u0119 do ogrzewania mieszka\u0144, biur, szpitali, \u017c\u0142obk\u00f3w, przedszkoli oraz innych pomieszcze\u0144, gdzie wymagane jest utrzymanie ciep\u0142a i czysto\u015bci. Grzejnik jest cichy i bezwonny, wytwarza przyjemny mikroklimat, nie wysusza powietrza i nie spala kurzu. U\u017cywanie oleju zamiast wody w grzejniku wzmacnia jego efektywno\u015b\u0107 i pozwala na utrzymywanie ciep\u0142a urz\u0105dzenia na d\u0142u\u017cej.","og_url":"https:\/\/elpe.pl\/sklep\/produkt\/elektryczny-ogrzewacz-olejowy-ze-sterownikiem-zdalnym-1140-x-600mm-1000w\/","og_site_name":"Sklep Elpe","article_modified_time":"2026-01-29T10:13:27+00:00","og_image":[{"width":700,"height":700,"url":"https:\/\/elpe.pl\/sklep\/wp-content\/uploads\/2025\/06\/67ae291788ecb7adee61e8bf36fe4c48-1.jpg","type":"image\/jpeg"}],"twitter_card":"summary_large_image","schema":{"@context":"https:\/\/schema.org","@graph":[{"@type":"WebPage","@id":"https:\/\/elpe.pl\/sklep\/produkt\/elektryczny-ogrzewacz-olejowy-ze-sterownikiem-zdalnym-1140-x-600mm-1000w\/","url":"https:\/\/elpe.pl\/sklep\/produkt\/elektryczny-ogrzewacz-olejowy-ze-sterownikiem-zdalnym-1140-x-600mm-1000w\/","name":"Grzejnik Olejowy Elektryczny ze sterownikiem zdalnym 1140 x 600mm 2000W seria 1380 - Sklep Elpe","isPartOf":{"@id":"https:\/\/elpe.pl\/sklep\/#website"},"primaryImageOfPage":{"@id":"https:\/\/elpe.pl\/sklep\/produkt\/elektryczny-ogrzewacz-olejowy-ze-sterownikiem-zdalnym-1140-x-600mm-1000w\/#primaryimage"},"image":{"@id":"https:\/\/elpe.pl\/sklep\/produkt\/elektryczny-ogrzewacz-olejowy-ze-sterownikiem-zdalnym-1140-x-600mm-1000w\/#primaryimage"},"thumbnailUrl":"https:\/\/elpe.pl\/sklep\/wp-content\/uploads\/2025\/06\/67ae291788ecb7adee61e8bf36fe4c48-1.jpg","datePublished":"2025-05-08T15:21:31+00:00","dateModified":"2026-01-29T10:13:27+00:00","breadcrumb":{"@id":"https:\/\/elpe.pl\/sklep\/produkt\/elektryczny-ogrzewacz-olejowy-ze-sterownikiem-zdalnym-1140-x-600mm-1000w\/#breadcrumb"},"inLanguage":"pl-PL","potentialAction":[{"@type":"ReadAction","target":["https:\/\/elpe.pl\/sklep\/produkt\/elektryczny-ogrzewacz-olejowy-ze-sterownikiem-zdalnym-1140-x-600mm-1000w\/"]}]},{"@type":"ImageObject","inLanguage":"pl-PL","@id":"https:\/\/elpe.pl\/sklep\/produkt\/elektryczny-ogrzewacz-olejowy-ze-sterownikiem-zdalnym-1140-x-600mm-1000w\/#primaryimage","url":"https:\/\/elpe.pl\/sklep\/wp-content\/uploads\/2025\/06\/67ae291788ecb7adee61e8bf36fe4c48-1.jpg","contentUrl":"https:\/\/elpe.pl\/sklep\/wp-content\/uploads\/2025\/06\/67ae291788ecb7adee61e8bf36fe4c48-1.jpg","width":700,"height":700},{"@type":"BreadcrumbList","@id":"https:\/\/elpe.pl\/sklep\/produkt\/elektryczny-ogrzewacz-olejowy-ze-sterownikiem-zdalnym-1140-x-600mm-1000w\/#breadcrumb","itemListElement":[{"@type":"ListItem","position":1,"name":"Strona g\u0142\u00f3wna","item":"https:\/\/elpe.pl\/sklep\/"},{"@type":"ListItem","position":2,"name":"Sklep","item":"https:\/\/elpe.pl\/sklep\/"},{"@type":"ListItem","position":3,"name":"Grzejnik Olejowy Elektryczny ze sterownikiem zdalnym 1140 x 600mm 2000W seria 1380"}]},{"@type":"WebSite","@id":"https:\/\/elpe.pl\/sklep\/#website","url":"https:\/\/elpe.pl\/sklep\/","name":"Sklep Elpe","description":"Polski producent elektrycznych ogrzewaczy olejowych","publisher":{"@id":"https:\/\/elpe.pl\/sklep\/#organization"},"potentialAction":[{"@type":"SearchAction","target":{"@type":"EntryPoint","urlTemplate":"https:\/\/elpe.pl\/sklep\/?s={search_term_string}"},"query-input":{"@type":"PropertyValueSpecification","valueRequired":true,"valueName":"search_term_string"}}],"inLanguage":"pl-PL"},{"@type":"Organization","@id":"https:\/\/elpe.pl\/sklep\/#organization","name":"Sklep Elpe","url":"https:\/\/elpe.pl\/sklep\/","logo":{"@type":"ImageObject","inLanguage":"pl-PL","@id":"https:\/\/elpe.pl\/sklep\/#\/schema\/logo\/image\/","url":"https:\/\/elpe.pl\/sklep\/wp-content\/uploads\/2025\/04\/cropped-elpe_logo.png","contentUrl":"https:\/\/elpe.pl\/sklep\/wp-content\/uploads\/2025\/04\/cropped-elpe_logo.png","width":42,"height":50,"caption":"Sklep Elpe"},"image":{"@id":"https:\/\/elpe.pl\/sklep\/#\/schema\/logo\/image\/"}}]}},"_links":{"self":[{"href":"https:\/\/elpe.pl\/sklep\/wp-json\/wp\/v2\/product\/4584","targetHints":{"allow":["GET"]}}],"collection":[{"href":"https:\/\/elpe.pl\/sklep\/wp-json\/wp\/v2\/product"}],"about":[{"href":"https:\/\/elpe.pl\/sklep\/wp-json\/wp\/v2\/types\/product"}],"wp:featuredmedia":[{"embeddable":true,"href":"https:\/\/elpe.pl\/sklep\/wp-json\/wp\/v2\/media\/10343"}],"wp:attachment":[{"href":"https:\/\/elpe.pl\/sklep\/wp-json\/wp\/v2\/media?parent=4584"}],"wp:term":[{"taxonomy":"product_brand","embeddable":true,"href":"https:\/\/elpe.pl\/sklep\/wp-json\/wp\/v2\/product_brand?post=4584"},{"taxonomy":"product_cat","embeddable":true,"href":"https:\/\/elpe.pl\/sklep\/wp-json\/wp\/v2\/product_cat?post=4584"},{"taxonomy":"product_tag","embeddable":true,"href":"https:\/\/elpe.pl\/sklep\/wp-json\/wp\/v2\/product_tag?post=4584"}],"curies":[{"name":"wp","href":"https:\/\/api.w.org\/{rel}","templated":true}]}}